{"id":1210,"date":"2024-01-30T12:27:30","date_gmt":"2024-01-30T17:27:30","guid":{"rendered":"https:\/\/carly.com\/?page_id=1210"},"modified":"2025-07-29T11:23:24","modified_gmt":"2025-07-29T15:23:24","slug":"nos-succursales","status":"publish","type":"page","link":"https:\/\/carly.com\/fr\/nos-succursales\/","title":{"rendered":"Nos succursales"},"content":{"rendered":"[vc_row type=\u00a0\u00bbin_container\u00a0\u00bb full_screen_row_position=\u00a0\u00bbmiddle\u00a0\u00bb column_margin=\u00a0\u00bbdefault\u00a0\u00bb column_direction=\u00a0\u00bbdefault\u00a0\u00bb column_direction_tablet=\u00a0\u00bbdefault\u00a0\u00bb column_direction_phone=\u00a0\u00bbdefault\u00a0\u00bb scene_position=\u00a0\u00bbcenter\u00a0\u00bb top_margin=\u00a0\u00bb45px\u00a0\u00bb text_color=\u00a0\u00bbdark\u00a0\u00bb text_align=\u00a0\u00bbleft\u00a0\u00bb row_border_radius=\u00a0\u00bbnone\u00a0\u00bb row_border_radius_applies=\u00a0\u00bbbg\u00a0\u00bb overflow=\u00a0\u00bbvisible\u00a0\u00bb overlay_strength=\u00a0\u00bb0.3&Prime; gradient_direction=\u00a0\u00bbleft_to_right\u00a0\u00bb shape_divider_position=\u00a0\u00bbbottom\u00a0\u00bb bg_image_animation=\u00a0\u00bbnone\u00a0\u00bb gradient_type=\u00a0\u00bbdefault\u00a0\u00bb shape_type=\u00a0\u00bb\u00a0\u00bb][vc_column column_padding=\u00a0\u00bbno-extra-padding\u00a0\u00bb column_padding_tablet=\u00a0\u00bbinherit\u00a0\u00bb column_padding_phone=\u00a0\u00bbinherit\u00a0\u00bb column_padding_position=\u00a0\u00bball\u00a0\u00bb column_element_direction_desktop=\u00a0\u00bbdefault\u00a0\u00bb column_element_spacing=\u00a0\u00bbdefault\u00a0\u00bb desktop_text_alignment=\u00a0\u00bbdefault\u00a0\u00bb tablet_text_alignment=\u00a0\u00bbdefault\u00a0\u00bb phone_text_alignment=\u00a0\u00bbdefault\u00a0\u00bb background_color_opacity=\u00a0\u00bb1&Prime; background_hover_color_opacity=\u00a0\u00bb1&Prime; column_backdrop_filter=\u00a0\u00bbnone\u00a0\u00bb column_shadow=\u00a0\u00bbnone\u00a0\u00bb column_border_radius=\u00a0\u00bbnone\u00a0\u00bb column_link_target=\u00a0\u00bb_self\u00a0\u00bb column_position=\u00a0\u00bbdefault\u00a0\u00bb gradient_direction=\u00a0\u00bbleft_to_right\u00a0\u00bb overlay_strength=\u00a0\u00bb0.3&Prime; width=\u00a0\u00bb1\/1&Prime; tablet_width_inherit=\u00a0\u00bbdefault\u00a0\u00bb animation_type=\u00a0\u00bbdefault\u00a0\u00bb bg_image_animation=\u00a0\u00bbnone\u00a0\u00bb border_type=\u00a0\u00bbsimple\u00a0\u00bb column_border_width=\u00a0\u00bbnone\u00a0\u00bb column_border_style=\u00a0\u00bbsolid\u00a0\u00bb][nectar_global_section id=\u00a0\u00bb1213&Prime;][\/vc_column][\/vc_row]\n","protected":false},"excerpt":{"rendered":"<p>[vc_row type=\u00a0\u00bbin_container\u00a0\u00bb full_screen_row_position=\u00a0\u00bbmiddle\u00a0\u00bb column_margin=\u00a0\u00bbdefault\u00a0\u00bb column_direction=\u00a0\u00bbdefault\u00a0\u00bb column_direction_tablet=\u00a0\u00bbdefault\u00a0\u00bb column_direction_phone=\u00a0\u00bbdefault\u00a0\u00bb scene_position=\u00a0\u00bbcenter\u00a0\u00bb top_margin=\u00a0\u00bb45px\u00a0\u00bb text_color=\u00a0\u00bbdark\u00a0\u00bb text_align=\u00a0\u00bbleft\u00a0\u00bb row_border_radius=\u00a0\u00bbnone\u00a0\u00bb row_border_radius_applies=\u00a0\u00bbbg\u00a0\u00bb overflow=\u00a0\u00bbvisible\u00a0\u00bb overlay_strength=\u00a0\u00bb0.3&Prime; gradient_direction=\u00a0\u00bbleft_to_right\u00a0\u00bb shape_divider_position=\u00a0\u00bbbottom\u00a0\u00bb bg_image_animation=\u00a0\u00bbnone\u00a0\u00bb gradient_type=\u00a0\u00bbdefault\u00a0\u00bb shape_type=\u00a0\u00bb\u00a0\u00bb][vc_column column_padding=\u00a0\u00bbno-extra-padding\u00a0\u00bb column_padding_tablet=\u00a0\u00bbinherit\u00a0\u00bb column_padding_phone=\u00a0\u00bbinherit\u00a0\u00bb column_padding_position=\u00a0\u00bball\u00a0\u00bb column_element_direction_desktop=\u00a0\u00bbdefault\u00a0\u00bb column_element_spacing=\u00a0\u00bbdefault\u00a0\u00bb desktop_text_alignment=\u00a0\u00bbdefault\u00a0\u00bb tablet_text_alignment=\u00a0\u00bbdefault\u00a0\u00bb phone_text_alignment=\u00a0\u00bbdefault\u00a0\u00bb background_color_opacity=\u00a0\u00bb1&Prime;&#8230;<\/p>\n","protected":false},"author":3,"featured_media":0,"parent":0,"menu_order":0,"comment_status":"closed","ping_status":"closed","template":"","meta":{"footnotes":""},"class_list":["post-1210","page","type-page","status-publish"],"yoast_head":"<!-- This site is optimized with the Yoast SEO plugin v25.5 - https:\/\/yoast.com\/wordpress\/plugins\/seo\/ -->\n<title>Nos succursales - Premium Car Rental in Montreal - Carly<\/title>\n<meta name=\"description\" content=\"Louez et retournez votre voiture facilement \u00e0 Montr\u00e9al, Laval, Blainville, St-Eustache, Vaudreuil et Carignan. Carly vous rapproche de votre destination, o\u00f9 que vous soyez.\" \/>\n<meta name=\"robots\" content=\"index, follow, max-snippet:-1, max-image-preview:large, max-video-preview:-1\" \/>\n<link rel=\"canonical\" href=\"https:\/\/carly.com\/fr\/nos-succursales\/\" \/>\n<meta property=\"og:locale\" content=\"fr_CA\" \/>\n<meta property=\"og:type\" content=\"article\" \/>\n<meta property=\"og:title\" content=\"Nos succursales - Premium Car Rental in Montreal - Carly\" \/>\n<meta property=\"og:description\" content=\"Louez et retournez votre voiture facilement \u00e0 Montr\u00e9al, Laval, Blainville, St-Eustache, Vaudreuil et Carignan. Carly vous rapproche de votre destination, o\u00f9 que vous soyez.\" \/>\n<meta property=\"og:url\" content=\"https:\/\/carly.com\/fr\/nos-succursales\/\" \/>\n<meta property=\"og:site_name\" content=\"Premium Car Rental in Montreal - Carly\" \/>\n<meta property=\"article:modified_time\" content=\"2025-07-29T15:23:24+00:00\" \/>\n<meta name=\"twitter:card\" content=\"summary_large_image\" \/>\n<script type=\"application\/ld+json\" class=\"yoast-schema-graph\">{\"@context\":\"https:\/\/schema.org\",\"@graph\":[{\"@type\":\"WebPage\",\"@id\":\"https:\/\/carly.com\/fr\/nos-succursales\/\",\"url\":\"https:\/\/carly.com\/fr\/nos-succursales\/\",\"name\":\"Nos succursales - Premium Car Rental in Montreal - Carly\",\"isPartOf\":{\"@id\":\"https:\/\/carly.com\/fr\/#website\"},\"datePublished\":\"2024-01-30T17:27:30+00:00\",\"dateModified\":\"2025-07-29T15:23:24+00:00\",\"description\":\"Louez et retournez votre voiture facilement \u00e0 Montr\u00e9al, Laval, Blainville, St-Eustache, Vaudreuil et Carignan. Carly vous rapproche de votre destination, o\u00f9 que vous soyez.\",\"breadcrumb\":{\"@id\":\"https:\/\/carly.com\/fr\/nos-succursales\/#breadcrumb\"},\"inLanguage\":\"fr-CA\",\"potentialAction\":[{\"@type\":\"ReadAction\",\"target\":[\"https:\/\/carly.com\/fr\/nos-succursales\/\"]}]},{\"@type\":\"BreadcrumbList\",\"@id\":\"https:\/\/carly.com\/fr\/nos-succursales\/#breadcrumb\",\"itemListElement\":[{\"@type\":\"ListItem\",\"position\":1,\"name\":\"Home\",\"item\":\"https:\/\/carly.com\/fr\/\"},{\"@type\":\"ListItem\",\"position\":2,\"name\":\"Nos succursales\"}]},{\"@type\":\"WebSite\",\"@id\":\"https:\/\/carly.com\/fr\/#website\",\"url\":\"https:\/\/carly.com\/fr\/\",\"name\":\"Premium Car Rental in Montreal - Carly\",\"description\":\"\",\"potentialAction\":[{\"@type\":\"SearchAction\",\"target\":{\"@type\":\"EntryPoint\",\"urlTemplate\":\"https:\/\/carly.com\/fr\/?s={search_term_string}\"},\"query-input\":{\"@type\":\"PropertyValueSpecification\",\"valueRequired\":true,\"valueName\":\"search_term_string\"}}],\"inLanguage\":\"fr-CA\"}]}<\/script>\n<!-- \/ Yoast SEO plugin. -->","yoast_head_json":{"title":"Nos succursales - Premium Car Rental in Montreal - Carly","description":"Louez et retournez votre voiture facilement \u00e0 Montr\u00e9al, Laval, Blainville, St-Eustache, Vaudreuil et Carignan. Carly vous rapproche de votre destination, o\u00f9 que vous soyez.","robots":{"index":"index","follow":"follow","max-snippet":"max-snippet:-1","max-image-preview":"max-image-preview:large","max-video-preview":"max-video-preview:-1"},"canonical":"https:\/\/carly.com\/fr\/nos-succursales\/","og_locale":"fr_CA","og_type":"article","og_title":"Nos succursales - Premium Car Rental in Montreal - Carly","og_description":"Louez et retournez votre voiture facilement \u00e0 Montr\u00e9al, Laval, Blainville, St-Eustache, Vaudreuil et Carignan. Carly vous rapproche de votre destination, o\u00f9 que vous soyez.","og_url":"https:\/\/carly.com\/fr\/nos-succursales\/","og_site_name":"Premium Car Rental in Montreal - Carly","article_modified_time":"2025-07-29T15:23:24+00:00","twitter_card":"summary_large_image","schema":{"@context":"https:\/\/schema.org","@graph":[{"@type":"WebPage","@id":"https:\/\/carly.com\/fr\/nos-succursales\/","url":"https:\/\/carly.com\/fr\/nos-succursales\/","name":"Nos succursales - Premium Car Rental in Montreal - Carly","isPartOf":{"@id":"https:\/\/carly.com\/fr\/#website"},"datePublished":"2024-01-30T17:27:30+00:00","dateModified":"2025-07-29T15:23:24+00:00","description":"Louez et retournez votre voiture facilement \u00e0 Montr\u00e9al, Laval, Blainville, St-Eustache, Vaudreuil et Carignan. Carly vous rapproche de votre destination, o\u00f9 que vous soyez.","breadcrumb":{"@id":"https:\/\/carly.com\/fr\/nos-succursales\/#breadcrumb"},"inLanguage":"fr-CA","potentialAction":[{"@type":"ReadAction","target":["https:\/\/carly.com\/fr\/nos-succursales\/"]}]},{"@type":"BreadcrumbList","@id":"https:\/\/carly.com\/fr\/nos-succursales\/#breadcrumb","itemListElement":[{"@type":"ListItem","position":1,"name":"Home","item":"https:\/\/carly.com\/fr\/"},{"@type":"ListItem","position":2,"name":"Nos succursales"}]},{"@type":"WebSite","@id":"https:\/\/carly.com\/fr\/#website","url":"https:\/\/carly.com\/fr\/","name":"Premium Car Rental in Montreal - Carly","description":"","potentialAction":[{"@type":"SearchAction","target":{"@type":"EntryPoint","urlTemplate":"https:\/\/carly.com\/fr\/?s={search_term_string}"},"query-input":{"@type":"PropertyValueSpecification","valueRequired":true,"valueName":"search_term_string"}}],"inLanguage":"fr-CA"}]}},"_links":{"self":[{"href":"https:\/\/carly.com\/fr\/wp-json\/wp\/v2\/pages\/1210","targetHints":{"allow":["GET"]}}],"collection":[{"href":"https:\/\/carly.com\/fr\/wp-json\/wp\/v2\/pages"}],"about":[{"href":"https:\/\/carly.com\/fr\/wp-json\/wp\/v2\/types\/page"}],"author":[{"embeddable":true,"href":"https:\/\/carly.com\/fr\/wp-json\/wp\/v2\/users\/3"}],"replies":[{"embeddable":true,"href":"https:\/\/carly.com\/fr\/wp-json\/wp\/v2\/comments?post=1210"}],"version-history":[{"count":1,"href":"https:\/\/carly.com\/fr\/wp-json\/wp\/v2\/pages\/1210\/revisions"}],"predecessor-version":[{"id":1365,"href":"https:\/\/carly.com\/fr\/wp-json\/wp\/v2\/pages\/1210\/revisions\/1365"}],"wp:attachment":[{"href":"https:\/\/carly.com\/fr\/wp-json\/wp\/v2\/media?parent=1210"}],"curies":[{"name":"wp","href":"https:\/\/api.w.org\/{rel}","templated":true}]}}