{"id":1252,"date":"2024-01-30T11:18:00","date_gmt":"2024-01-30T16:18:00","guid":{"rendered":"https:\/\/carly.com\/?page_id=1252"},"modified":"2025-07-09T07:59:21","modified_gmt":"2025-07-09T11:59:21","slug":"renting-options","status":"publish","type":"page","link":"https:\/\/carly.com\/fr\/renting-options\/","title":{"rendered":"Options de location"},"content":{"rendered":"\n    <!-- NO RATES -->\n    <div class=\"arv_error\">\n        \n        Le v\u00e9hicule s\u00e9lectionn\u00e9 n'est plus disponible. Veuillez lancer une nouvelle recherche.        \n        \n    <\/div>\n    \n\n            <div class=\"arv_search_reset_button\">\n            \n\t<div id=\"arv_searchform_797\" class=\"arv_plugin arv_searchform arv_compactsearch_wrap arv_compactsearch\">\n\t<form action=\"https:\/\/carly.com\/fr\/results\/\" method=\"get\">\n\t\n\t\t\t\t\n\t\t\n\t\t    \t\t<div class=\"arv_searchform_input_block arv_input_block_fullwidth\">\n\t\t\t\t\t\t\t<select required class=\"arv_pickup_location fullinput\" id=\"pickloc_update\" name=\"RentalLocationID\">\n\t\t\t\t<option value=\"LAVAL\">Laval, QC<\/option><option value=\"BLAINV\">Blainville, QC<\/option><option value=\"EUSTACHE\">St. Eustache, QC<\/option><option value=\"LEONARD\">St. L\u00e9onard, QC<\/option><option value=\"CARIG\">Carignan, QC<\/option><option value=\"VAUD\">Vaudreuil, QC<\/option>\t\t<\/select>\n\t\t\t<\/div>\n\t\t\n\t<div class=\"arv_searchform_input_block\">\n\n\t\t<div class=\"arv_searchform_input_group\">\n\t\t\t<p class=\"arv_searchform_input_group_label\">Date de prise en charge<\/p>\n\t\t\t\t<div class=\"arv_datepicker_line\">\n\t\t<input type=\"text\" class=\"arv_calendar datepicker arv_pickup_date\" name=\"pickup_cal\" readonly=\"readonly\" value=\"\" id=\"\"  placeholder=\"Date de retrait\" required \/>\n\t\t<input type=\"hidden\" name=\"pickup\" class=\"arv_pickup_val\" value=\"\">\n\t\t<select name=\"pickuptime\" class=\"arv_pickup_time arv_time\" data-current=\"10:00 AM\" required>\n\t\t\t<option value=\"\"> --<\/option>\n\t\t<\/select>\n\t<\/div>\n\t\t\t<\/div>\n\t\t<div class=\"arv_searchform_input_group\">\n\t\t\t<p class=\"arv_searchform_input_group_label\">Date de retour<\/p>\n\t\t\t\t\t\t\t<input type=\"hidden\" name=\"ReturnLocationID\" class=\"arv_return_location\" value=\"\" \/>\n\t\t\t\t<div class=\"arv_datepicker_line\">\n\t\t<input type=\"text\" class=\"arv_calendar datepicker arv_dropoff_date\" name=\"return_cal\" readonly=\"readonly\" value=\"\" id=\"\"  placeholder=\"Date de retour\" required \/>\n\t\t<input type=\"hidden\" name=\"return\" class=\"arv_return_val\" value=\"\">\n\t\t<select name=\"returntime\" class=\"arv_dropoff_time arv_time\" data-current=\"10:00 AM\" required>\n\t\t\t<option value=\"\"> --<\/option>\n\t\t<\/select>\n\t<\/div>\n\t\t\t<\/div>\n\t<\/div>\n\t<div class=\"arv_error arv_pickuperror\">Veuillez s\u00e9lectionner une date de prise en charge au moins jours \u00e0 l'avance ou <span class=\"arv_info_blackoutdays\"><\/span> appelez-nous pour v\u00e9rifier la disponibilit\u00e9 <span class=\"arv_info_phone\"><\/span><\/div>\n\t\t\n\t\t\n\t\n\n\t\n\n\t\t<div class=\"arv_searchform_extra_fields\">\n\t\t<\/div>\n\t\t\t\n\t\t<button class=\"arv_button arv_reservation_search_button\">Recherche<\/button>\n\t\t<div class=\"arv_getquote\">Merci. Nous vous contacterons sous peu<\/div>\n\t\t\n\t\t<script>\n\t\t\tjQuery(document).ready(function(){\n\t\t\t\tvar searchform = jQuery(\"#arv_searchform_797\").arv_searchform();\n\t\t\t});\n\t\t<\/script>\n\t\t\n\t\t\n\t<\/form>\n\t\n\t<\/div>\n\t<!-- \/\/ WPREZ Searchform -->\n\n\t        <\/div>\n        \n\n","protected":false},"excerpt":{"rendered":"Le v\u00e9hicule s\u00e9lectionn\u00e9 n'est plus disponible. Veuillez lancer une nouvelle recherche. Laval, QCBlainville, QCSt. Eustache, QCSt. L\u00e9onard, QCCarignan, QCVaudreuil, QC Date de prise en charge -- Date de retour --...","protected":false},"author":3,"featured_media":0,"parent":0,"menu_order":0,"comment_status":"closed","ping_status":"closed","template":"","meta":{"footnotes":""},"class_list":["post-1252","page","type-page","status-publish"],"yoast_head":"<!-- This site is optimized with the Yoast SEO plugin v25.5 - https:\/\/yoast.com\/wordpress\/plugins\/seo\/ -->\n<title>Options de location - Premium Car Rental in Montreal - Carly<\/title>\n<meta name=\"robots\" content=\"index, follow, max-snippet:-1, max-image-preview:large, max-video-preview:-1\" \/>\n<link rel=\"canonical\" href=\"https:\/\/carly.com\/fr\/renting-options\/\" \/>\n<meta property=\"og:locale\" content=\"fr_CA\" \/>\n<meta property=\"og:type\" content=\"article\" \/>\n<meta property=\"og:title\" content=\"Options de location - Premium Car Rental in Montreal - Carly\" \/>\n<meta property=\"og:url\" content=\"https:\/\/carly.com\/fr\/renting-options\/\" \/>\n<meta property=\"og:site_name\" content=\"Premium Car Rental in Montreal - Carly\" \/>\n<meta property=\"article:modified_time\" content=\"2025-07-09T11:59:21+00:00\" \/>\n<meta name=\"twitter:card\" content=\"summary_large_image\" \/>\n<meta name=\"twitter:label1\" content=\"Estimation du temps de lecture\" \/>\n\t<meta name=\"twitter:data1\" content=\"1 minute\" \/>\n<script type=\"application\/ld+json\" class=\"yoast-schema-graph\">{\"@context\":\"https:\/\/schema.org\",\"@graph\":[{\"@type\":\"WebPage\",\"@id\":\"https:\/\/carly.com\/fr\/renting-options\/\",\"url\":\"https:\/\/carly.com\/fr\/renting-options\/\",\"name\":\"Options de location - Premium Car Rental in Montreal - Carly\",\"isPartOf\":{\"@id\":\"https:\/\/carly.com\/fr\/#website\"},\"datePublished\":\"2024-01-30T16:18:00+00:00\",\"dateModified\":\"2025-07-09T11:59:21+00:00\",\"breadcrumb\":{\"@id\":\"https:\/\/carly.com\/fr\/renting-options\/#breadcrumb\"},\"inLanguage\":\"fr-CA\",\"potentialAction\":[{\"@type\":\"ReadAction\",\"target\":[\"https:\/\/carly.com\/fr\/renting-options\/\"]}]},{\"@type\":\"BreadcrumbList\",\"@id\":\"https:\/\/carly.com\/fr\/renting-options\/#breadcrumb\",\"itemListElement\":[{\"@type\":\"ListItem\",\"position\":1,\"name\":\"Home\",\"item\":\"https:\/\/carly.com\/fr\/\"},{\"@type\":\"ListItem\",\"position\":2,\"name\":\"Options de location\"}]},{\"@type\":\"WebSite\",\"@id\":\"https:\/\/carly.com\/fr\/#website\",\"url\":\"https:\/\/carly.com\/fr\/\",\"name\":\"Premium Car Rental in Montreal - Carly\",\"description\":\"\",\"potentialAction\":[{\"@type\":\"SearchAction\",\"target\":{\"@type\":\"EntryPoint\",\"urlTemplate\":\"https:\/\/carly.com\/fr\/?s={search_term_string}\"},\"query-input\":{\"@type\":\"PropertyValueSpecification\",\"valueRequired\":true,\"valueName\":\"search_term_string\"}}],\"inLanguage\":\"fr-CA\"}]}<\/script>\n<!-- \/ Yoast SEO plugin. -->","yoast_head_json":{"title":"Options de location - Premium Car Rental in Montreal - Carly","robots":{"index":"index","follow":"follow","max-snippet":"max-snippet:-1","max-image-preview":"max-image-preview:large","max-video-preview":"max-video-preview:-1"},"canonical":"https:\/\/carly.com\/fr\/renting-options\/","og_locale":"fr_CA","og_type":"article","og_title":"Options de location - Premium Car Rental in Montreal - Carly","og_url":"https:\/\/carly.com\/fr\/renting-options\/","og_site_name":"Premium Car Rental in Montreal - Carly","article_modified_time":"2025-07-09T11:59:21+00:00","twitter_card":"summary_large_image","twitter_misc":{"Estimation du temps de lecture":"1 minute"},"schema":{"@context":"https:\/\/schema.org","@graph":[{"@type":"WebPage","@id":"https:\/\/carly.com\/fr\/renting-options\/","url":"https:\/\/carly.com\/fr\/renting-options\/","name":"Options de location - Premium Car Rental in Montreal - Carly","isPartOf":{"@id":"https:\/\/carly.com\/fr\/#website"},"datePublished":"2024-01-30T16:18:00+00:00","dateModified":"2025-07-09T11:59:21+00:00","breadcrumb":{"@id":"https:\/\/carly.com\/fr\/renting-options\/#breadcrumb"},"inLanguage":"fr-CA","potentialAction":[{"@type":"ReadAction","target":["https:\/\/carly.com\/fr\/renting-options\/"]}]},{"@type":"BreadcrumbList","@id":"https:\/\/carly.com\/fr\/renting-options\/#breadcrumb","itemListElement":[{"@type":"ListItem","position":1,"name":"Home","item":"https:\/\/carly.com\/fr\/"},{"@type":"ListItem","position":2,"name":"Options de location"}]},{"@type":"WebSite","@id":"https:\/\/carly.com\/fr\/#website","url":"https:\/\/carly.com\/fr\/","name":"Premium Car Rental in Montreal - Carly","description":"","potentialAction":[{"@type":"SearchAction","target":{"@type":"EntryPoint","urlTemplate":"https:\/\/carly.com\/fr\/?s={search_term_string}"},"query-input":{"@type":"PropertyValueSpecification","valueRequired":true,"valueName":"search_term_string"}}],"inLanguage":"fr-CA"}]}},"_links":{"self":[{"href":"https:\/\/carly.com\/fr\/wp-json\/wp\/v2\/pages\/1252","targetHints":{"allow":["GET"]}}],"collection":[{"href":"https:\/\/carly.com\/fr\/wp-json\/wp\/v2\/pages"}],"about":[{"href":"https:\/\/carly.com\/fr\/wp-json\/wp\/v2\/types\/page"}],"author":[{"embeddable":true,"href":"https:\/\/carly.com\/fr\/wp-json\/wp\/v2\/users\/3"}],"replies":[{"embeddable":true,"href":"https:\/\/carly.com\/fr\/wp-json\/wp\/v2\/comments?post=1252"}],"version-history":[{"count":0,"href":"https:\/\/carly.com\/fr\/wp-json\/wp\/v2\/pages\/1252\/revisions"}],"wp:attachment":[{"href":"https:\/\/carly.com\/fr\/wp-json\/wp\/v2\/media?parent=1252"}],"curies":[{"name":"wp","href":"https:\/\/api.w.org\/{rel}","templated":true}]}}